{"id":584,"date":"2022-04-23T09:01:14","date_gmt":"2022-04-23T06:01:14","guid":{"rendered":"https:\/\/www.atlascro.com.tr\/?page_id=584"},"modified":"2022-05-11T11:21:16","modified_gmt":"2022-05-11T08:21:16","slug":"home","status":"publish","type":"page","link":"https:\/\/www.atlascro.com.tr\/en\/","title":{"rendered":"HOME"},"content":{"rendered":"<p>[vc_row wrap_container=&#8221;yes&#8221; css=&#8221;.vc_custom_1593310262769{margin-top: -224px !important;margin-bottom: 70px !important;}&#8221; el_class=&#8221;position-relative z-index-2&#8243;][vc_column][vc_row_inner animation_delay=&#8221;100&#8243; el_class=&#8221;background-color-light custom-icon-boxes py-5 justify-content-center no-padding mx-0&#8243; animation_type=&#8221;fadeInUp&#8221;][vc_column_inner el_class=&#8221;py-4&#8243; width=&#8221;1\/2&#8243; animation_delay=&#8221;300&#8243; offset=&#8221;vc_col-md-4&#8243; animation_type=&#8221;fadeInUp&#8221;]<div class=\"porto-sicon-box px-5 mb-0  wpb_custom_1efe903570d178ff0a9b7bfa5febd3a4 style_1 top-icon\"><div class=\"porto-sicon-top\"><div id=\"porto-icon-96105653269e6259a76785\" class=\"porto-just-icon-wrapper porto-sicon-img\" style=\"font-size: 72px;\"><img loading=\"lazy\" decoding=\"async\" class=\"img-icon\" alt=\"\" src=\"https:\/\/www.atlascro.com.tr\/en\/wp-content\/uploads\/2020\/06\/strategic.png\" width=\"72\" height=\"73\" \/><\/div><\/div><div class=\"porto-sicon-header\"><h3 class=\"porto-sicon-title\" style=\"font-weight:600;font-size:1.5rem;line-height:1.1;color:#183f72;\">Site Management Organization<\/h3><\/div> <!-- header --><div class=\"porto-sicon-description\" style=\"\">Planning, which is one of the most important elements of an effective clinical study, is the starting set of our most.<a class=\"porto-sicon-read xx\" href=\"https:\/\/www.atlascro.com.tr\/en\/site-management-organization\/\" title='Site Management Organization'>MORE INFORMATION<span>&nbsp;&raquo;<\/span><\/a><\/div> <!-- description --><\/div><!-- porto-sicon-box -->[\/vc_column_inner][vc_column_inner el_class=&#8221;py-4&#8243; width=&#8221;1\/2&#8243; animation_delay=&#8221;500&#8243; offset=&#8221;vc_col-md-4&#8243; animation_type=&#8221;fadeInUp&#8221;]<div class=\"porto-sicon-box px-5 mb-0  wpb_custom_1efe903570d178ff0a9b7bfa5febd3a4 style_1 top-icon\"><div class=\"porto-sicon-top\"><div id=\"porto-icon-33887345969e6259a76db6\" class=\"porto-just-icon-wrapper porto-sicon-img\" style=\"font-size: 72px;\"><img loading=\"lazy\" decoding=\"async\" class=\"img-icon\" alt=\"\" src=\"https:\/\/www.atlascro.com.tr\/en\/wp-content\/uploads\/2021\/12\/startup.png\" width=\"72\" height=\"64\" \/><\/div><\/div><div class=\"porto-sicon-header\"><h3 class=\"porto-sicon-title\" style=\"font-weight:600;font-size:1.5rem;line-height:1.1;color:#183f72;\">Regulatory Authority Submission Services<\/h3><\/div> <!-- header --><div class=\"porto-sicon-description\" style=\"\">In order to initiate the clinical trial in timely manner, we manage the approval processes smoothly with our trained, equipped and experienced experienced teammates.<a class=\"porto-sicon-read xx\" href=\"https:\/\/www.atlascro.com.tr\/en\/regulatory-authority-submission-services\/\" title='REGULATORY AUTHORITY SUBMISSION SERVICES'>MORE INFORMATION<span>&nbsp;&raquo;<\/span><\/a><\/div> <!-- description --><\/div><!-- porto-sicon-box -->[\/vc_column_inner][vc_column_inner el_class=&#8221;py-4&#8243; width=&#8221;1\/2&#8243; animation_delay=&#8221;700&#8243; offset=&#8221;vc_col-md-4&#8243; animation_type=&#8221;fadeInUp&#8221;]<div class=\"porto-sicon-box px-5 mb-0  wpb_custom_1efe903570d178ff0a9b7bfa5febd3a4 style_1 top-icon\"><div class=\"porto-sicon-top\"><div id=\"porto-icon-16762420169e6259a77357\" class=\"porto-just-icon-wrapper porto-sicon-img\" style=\"font-size: 72px;\"><img loading=\"lazy\" decoding=\"async\" class=\"img-icon\" alt=\"\" src=\"https:\/\/www.atlascro.com.tr\/en\/wp-content\/uploads\/2020\/06\/cash.png\" width=\"72\" height=\"64\" \/><\/div><\/div><div class=\"porto-sicon-header\"><h3 class=\"porto-sicon-title\" style=\"font-weight:600;font-size:1.5rem;line-height:1.1;color:#183f72;\">Clinical Trial Management<\/h3><\/div> <!-- header --><div class=\"porto-sicon-description\" style=\"\">We perform all monitoring and termination activities studiously according to the ICH-GCP, 2017\/745 MDR, ISO 14155 and MDCG guidelines.<a class=\"porto-sicon-read xx\" href=\"https:\/\/www.atlascro.com.tr\/en\/clinical-trial-management\/\" title='CLINICAL TRIAL MANAGEMENT'>MORE INFORMATION<span>&nbsp;&raquo;<\/span><\/a><\/div> <!-- description --><\/div><!-- porto-sicon-box -->[\/vc_column_inner][\/vc_row_inner][\/vc_column][\/vc_row][vc_row wrap_container=&#8221;yes&#8221; el_class=&#8221;py-3 pt-lg-5 pb-lg-4 my-5&#8243;][vc_column offset=&#8221;vc_col-md-6&#8243;][vc_custom_heading text=&#8221;SUPPORT AND CONSULTING&#8221; font_container=&#8221;tag:h5|text_align:left|line_height:1.6&#8243; use_theme_fonts=&#8221;yes&#8221; text_transform=&#8221;text-uppercase&#8221; font_weight=&#8221;600&#8243; skin=&#8221;primary&#8221; letter_spacing=&#8221;0&#8243; show_border=&#8221;yes&#8221; border_skin=&#8221;primary&#8221; border_type=&#8221;middle-border-reverse&#8221; border_size=&#8221;lg&#8221; animation_delay=&#8221;100&#8243; animation_type=&#8221;fadeInLeft&#8221; el_class=&#8221;mb-1&#8243;][vc_custom_heading text=&#8221;Our Expert Teams&#8221; font_container=&#8221;tag:h2|font_size:2.2em|text_align:left|line_height:1.4&#8243; use_theme_fonts=&#8221;yes&#8221; skin=&#8221;secondary&#8221; animation_delay=&#8221;200&#8243; el_class=&#8221;mb-4&#8243; animation_type=&#8221;fadeInLeft&#8221;][vc_custom_heading text=&#8221;Our experienced, stable and innovative task force is the key to the effective management of our commercial activities and company processes.&#8221; font_container=&#8221;tag:p|text_align:left&#8221; use_theme_fonts=&#8221;yes&#8221; font_weight=&#8221;600&#8243; animation_delay=&#8221;300&#8243; el_class=&#8221;mb-4&#8243; animation_type=&#8221;fadeInLeft&#8221;][vc_custom_heading text=&#8221;We are proud to contribute to our efforts to build and maintain trust with high customer satisfaction and long-term partnerships.&#8221; font_container=&#8221;tag:p|text_align:left&#8221; use_theme_fonts=&#8221;yes&#8221; animation_delay=&#8221;400&#8243; el_class=&#8221;mb-4 pb-2&#8243; animation_type=&#8221;fadeInLeft&#8221;][\/vc_column][vc_column animation_delay=&#8221;200&#8243; offset=&#8221;vc_col-md-6&#8243; el_class=&#8221;col-coaching-consulting-imgs&#8221; animation_type=&#8221;fadeIn&#8221;][vc_single_image image=&#8221;94&#8243; img_size=&#8221;full&#8221; el_class=&#8221;box-shadow-1 p-3 mb-0 position-absolute right-0 m-r-md&#8221;][vc_single_image image=&#8221;93&#8243; img_size=&#8221;full&#8221; el_class=&#8221;position-absolute box-shadow-1 p-3 background-color-light bottom-10 mb-0&#8243; css=&#8221;.vc_custom_1591349425955{margin-left: 25px !important;}&#8221;][vc_single_image image=&#8221;95&#8243; img_size=&#8221;full&#8221; el_class=&#8221;box-shadow-1 position-absolute bottom-0 m-b-lg p-3 background-color-light max-w-40&#8243; css=&#8221;.vc_custom_1591349146805{margin-left: 37% !important;}&#8221;][\/vc_column][\/vc_row][vc_row full_width=&#8221;stretch_row&#8221; is_section=&#8221;yes&#8221; section_skin=&#8221;secondary&#8221; remove_margin_top=&#8221;yes&#8221; remove_margin_bottom=&#8221;yes&#8221; remove_border=&#8221;yes&#8221; css=&#8221;.vc_custom_1650881525290{padding-top: 70px !important;padding-bottom: 70px !important;}&#8221;][vc_column offset=&#8221;vc_col-lg-5&#8243;][vc_custom_heading text=&#8221;WHAT DO YOU NEED?&#8221; font_container=&#8221;tag:h5|text_align:left|line_height:1.6&#8243; use_theme_fonts=&#8221;yes&#8221; text_transform=&#8221;text-uppercase&#8221; font_weight=&#8221;600&#8243; skin=&#8221;light&#8221; letter_spacing=&#8221;0&#8243; show_border=&#8221;yes&#8221; border_skin=&#8221;primary&#8221; border_type=&#8221;middle-border-reverse&#8221; border_size=&#8221;lg&#8221; animation_delay=&#8221;300&#8243; animation_type=&#8221;fadeInLeft&#8221; el_class=&#8221;mb-1&#8243;][vc_custom_heading text=&#8221;Contact Us&#8221; font_container=&#8221;tag:h2|font_size:2.2em|text_align:left|line_height:1.4&#8243; use_theme_fonts=&#8221;yes&#8221; skin=&#8221;light&#8221; animation_delay=&#8221;400&#8243; el_class=&#8221;mb-1&#8243; animation_type=&#8221;fadeInLeft&#8221;][vc_custom_heading text=&#8221;And identify your position in the sector!&#8221; font_container=&#8221;tag:p|text_align:left&#8221; use_theme_fonts=&#8221;yes&#8221; font_weight=&#8221;600&#8243; skin=&#8221;light&#8221; animation_delay=&#8221;500&#8243; el_class=&#8221;mb-4 mb-xl-0&#8243; animation_type=&#8221;fadeInLeft&#8221;][\/vc_column][vc_column offset=&#8221;vc_col-lg-offset-1 vc_col-lg-6&#8243; el_class=&#8221;text-xl-right&#8221;]<div class=\"porto-animation d-inline-block v-middle\"  data-appear-animation=\"fadeInRight\" data-appear-animation-delay=\"700\"><div class=\"porto-sicon-box mb-0 mr-4 pr-2 py-3  wpb_custom_1efe903570d178ff0a9b7bfa5febd3a4 style_1 default-icon\"><div class=\"porto-sicon-default\"><div id=\"porto-icon-99850839769e6259a77850\" class=\"porto-just-icon-wrapper porto-sicon-img\" style=\"background:#dde2ea;padding:15px;border-radius:24px;font-size: 18px;\"><img loading=\"lazy\" decoding=\"async\" class=\"img-icon\" alt=\"\" src=\"\/\/sw-themes.com\/porto_dummy\/wp-content\/uploads\/images\/business-consulting-2\/icons\/phone.svg\" width=\"18\" height=\"18\" \/><\/div><\/div><div class=\"porto-sicon-header\"><a class=\"porto-sicon-box-link\" href=\"https:\/\/turkuazdijital.com.tr\/atlascro\/iletisim\/\" title='\u0130LET\u0130\u015e\u0130M'><h4 class=\"porto-sicon-title\" style=\"font-weight:600;font-size:1.2em;line-height:1.2;letter-spacing:0;\">+90 (216) 465 81 91<\/h4><\/a><\/div> <!-- header --><\/div><!-- porto-sicon-box --><\/div>[vc_btn title=&#8221;CONTACT US&#8221; style=&#8221;modern&#8221; size=&#8221;lg&#8221; skin=&#8221;primary&#8221; animation_delay=&#8221;900&#8243; link=&#8221;url:https%3A%2F%2Fwww.atlascro.com.tr%2Fen%2Fcontact-us%2F|title:Contact%20Us&#8221; el_class=&#8221;mb-0 v-middle&#8221; animation_type=&#8221;fadeInRight&#8221;][\/vc_column][\/vc_row][vc_row][vc_column][\/vc_column][\/vc_row]<\/p>\n","protected":false},"excerpt":{"rendered":"<p>[vc_row wrap_container=&#8221;yes&#8221; css=&#8221;.vc_custom_1593310262769{margin-top: -224px !important;margin-bottom: 70px !important;}&#8221; el_class=&#8221;position-relative z-index-2&#8243;][vc_column][vc_row_inner animation_delay=&#8221;100&#8243; el_class=&#8221;background-color-light custom-icon-boxes py-5 justify-content-center no-padding mx-0&#8243; animation_type=&#8221;fadeInUp&#8221;][vc_column_inner el_class=&#8221;py-4&#8243; width=&#8221;1\/2&#8243; animation_delay=&#8221;300&#8243; offset=&#8221;vc_col-md-4&#8243; animation_type=&#8221;fadeInUp&#8221;][\/vc_column_inner][vc_column_inner el_class=&#8221;py-4&#8243; width=&#8221;1\/2&#8243; animation_delay=&#8221;500&#8243; offset=&#8221;vc_col-md-4&#8243; animation_type=&#8221;fadeInUp&#8221;][\/vc_column_inner][vc_column_inner el_class=&#8221;py-4&#8243; width=&#8221;1\/2&#8243; animation_delay=&#8221;700&#8243; offset=&#8221;vc_col-md-4&#8243; animation_type=&#8221;fadeInUp&#8221;][\/vc_column_inner][\/vc_row_inner][\/vc_column][\/vc_row][vc_row wrap_container=&#8221;yes&#8221; el_class=&#8221;py-3 pt-lg-5 pb-lg-4 my-5&#8243;][vc_column offset=&#8221;vc_col-md-6&#8243;][vc_custom_heading text=&#8221;SUPPORT AND CONSULTING&#8221; font_container=&#8221;tag:h5|text_align:left|line_height:1.6&#8243; use_theme_fonts=&#8221;yes&#8221; text_transform=&#8221;text-uppercase&#8221; font_weight=&#8221;600&#8243; skin=&#8221;primary&#8221; letter_spacing=&#8221;0&#8243; show_border=&#8221;yes&#8221; border_skin=&#8221;primary&#8221; border_type=&#8221;middle-border-reverse&#8221; border_size=&#8221;lg&#8221; animation_delay=&#8221;100&#8243; animation_type=&#8221;fadeInLeft&#8221; el_class=&#8221;mb-1&#8243;][vc_custom_heading text=&#8221;Our [&hellip;]<\/p>\n","protected":false},"author":1,"featured_media":0,"parent":0,"menu_order":0,"comment_status":"closed","ping_status":"closed","template":"","meta":{"footnotes":""},"class_list":["post-584","page","type-page","status-publish","hentry"],"yoast_head":"<!-- This site is optimized with the Yoast SEO Premium plugin v17.2 (Yoast SEO v17.2) - https:\/\/yoast.com\/wordpress\/plugins\/seo\/ -->\n<title>HOME - Atlas CRO<\/title>\n<meta name=\"robots\" content=\"index, follow, max-snippet:-1, max-image-preview:large, max-video-preview:-1\" \/>\n<link rel=\"canonical\" href=\"https:\/\/www.atlascro.com.tr\/en\/\" \/>\n<meta property=\"og:locale\" content=\"en_US\" \/>\n<meta property=\"og:type\" content=\"article\" \/>\n<meta property=\"og:title\" content=\"HOME\" \/>\n<meta property=\"og:description\" content=\"[vc_row wrap_container=&#8221;yes&#8221; css=&#8221;.vc_custom_1593310262769{margin-top: -224px !important;margin-bottom: 70px !important;}&#8221; el_class=&#8221;position-relative z-index-2&#8243;][vc_column][vc_row_inner animation_delay=&#8221;100&#8243; el_class=&#8221;background-color-light custom-icon-boxes py-5 justify-content-center no-padding mx-0&#8243; animation_type=&#8221;fadeInUp&#8221;][vc_column_inner el_class=&#8221;py-4&#8243; width=&#8221;1\/2&#8243; animation_delay=&#8221;300&#8243; offset=&#8221;vc_col-md-4&#8243; animation_type=&#8221;fadeInUp&#8221;][\/vc_column_inner][vc_column_inner el_class=&#8221;py-4&#8243; width=&#8221;1\/2&#8243; animation_delay=&#8221;500&#8243; offset=&#8221;vc_col-md-4&#8243; animation_type=&#8221;fadeInUp&#8221;][\/vc_column_inner][vc_column_inner el_class=&#8221;py-4&#8243; width=&#8221;1\/2&#8243; animation_delay=&#8221;700&#8243; offset=&#8221;vc_col-md-4&#8243; animation_type=&#8221;fadeInUp&#8221;][\/vc_column_inner][\/vc_row_inner][\/vc_column][\/vc_row][vc_row wrap_container=&#8221;yes&#8221; el_class=&#8221;py-3 pt-lg-5 pb-lg-4 my-5&#8243;][vc_column offset=&#8221;vc_col-md-6&#8243;][vc_custom_heading text=&#8221;SUPPORT AND CONSULTING&#8221; font_container=&#8221;tag:h5|text_align:left|line_height:1.6&#8243; use_theme_fonts=&#8221;yes&#8221; text_transform=&#8221;text-uppercase&#8221; font_weight=&#8221;600&#8243; skin=&#8221;primary&#8221; letter_spacing=&#8221;0&#8243; show_border=&#8221;yes&#8221; border_skin=&#8221;primary&#8221; border_type=&#8221;middle-border-reverse&#8221; border_size=&#8221;lg&#8221; animation_delay=&#8221;100&#8243; animation_type=&#8221;fadeInLeft&#8221; el_class=&#8221;mb-1&#8243;][vc_custom_heading text=&#8221;Our [&hellip;]\" \/>\n<meta property=\"og:url\" content=\"https:\/\/www.atlascro.com.tr\/en\/\" \/>\n<meta property=\"og:site_name\" content=\"Atlas CRO\" \/>\n<meta property=\"article:publisher\" content=\"https:\/\/www.facebook.com\/atlascro\" \/>\n<meta property=\"article:modified_time\" content=\"2022-05-11T08:21:16+00:00\" \/>\n<meta name=\"twitter:card\" content=\"summary_large_image\" \/>\n<meta name=\"twitter:site\" content=\"@ATLASCRO\" \/>\n<meta name=\"twitter:label1\" content=\"Est. reading time\" \/>\n\t<meta name=\"twitter:data1\" content=\"60 minutes\" \/>\n<script type=\"application\/ld+json\" class=\"yoast-schema-graph\">{\"@context\":\"https:\/\/schema.org\",\"@graph\":[{\"@type\":\"Organization\",\"@id\":\"https:\/\/www.atlascro.com.tr\/en\/#organization\",\"name\":\"ATLAS Contract Research Organization\",\"url\":\"https:\/\/www.atlascro.com.tr\/en\/\",\"sameAs\":[\"https:\/\/www.facebook.com\/atlascro\",\"https:\/\/www.linkedin.com\/company\/atlascro?trk=biz-companies-cym\",\"https:\/\/twitter.com\/ATLASCRO\"],\"logo\":{\"@type\":\"ImageObject\",\"@id\":\"https:\/\/www.atlascro.com.tr\/en\/#logo\",\"inLanguage\":\"en-US\",\"url\":\"https:\/\/www.atlascro.com.tr\/wp-content\/uploads\/2021\/12\/atlas-acro-web-logo.png\",\"contentUrl\":\"https:\/\/www.atlascro.com.tr\/wp-content\/uploads\/2021\/12\/atlas-acro-web-logo.png\",\"width\":150,\"height\":111,\"caption\":\"ATLAS Contract Research Organization\"},\"image\":{\"@id\":\"https:\/\/www.atlascro.com.tr\/en\/#logo\"}},{\"@type\":\"WebSite\",\"@id\":\"https:\/\/www.atlascro.com.tr\/en\/#website\",\"url\":\"https:\/\/www.atlascro.com.tr\/en\/\",\"name\":\"Atlas CRO\",\"description\":\"Contract Research Organization\",\"publisher\":{\"@id\":\"https:\/\/www.atlascro.com.tr\/en\/#organization\"},\"potentialAction\":[{\"@type\":\"SearchAction\",\"target\":{\"@type\":\"EntryPoint\",\"urlTemplate\":\"https:\/\/www.atlascro.com.tr\/en\/?s={search_term_string}\"},\"query-input\":\"required name=search_term_string\"}],\"inLanguage\":\"en-US\"},{\"@type\":\"WebPage\",\"@id\":\"https:\/\/www.atlascro.com.tr\/en\/#webpage\",\"url\":\"https:\/\/www.atlascro.com.tr\/en\/\",\"name\":\"HOME - Atlas CRO\",\"isPartOf\":{\"@id\":\"https:\/\/www.atlascro.com.tr\/en\/#website\"},\"datePublished\":\"2022-04-23T06:01:14+00:00\",\"dateModified\":\"2022-05-11T08:21:16+00:00\",\"breadcrumb\":{\"@id\":\"https:\/\/www.atlascro.com.tr\/en\/#breadcrumb\"},\"inLanguage\":\"en-US\",\"potentialAction\":[{\"@type\":\"ReadAction\",\"target\":[\"https:\/\/www.atlascro.com.tr\/en\/\"]}]},{\"@type\":\"BreadcrumbList\",\"@id\":\"https:\/\/www.atlascro.com.tr\/en\/#breadcrumb\",\"itemListElement\":[{\"@type\":\"ListItem\",\"position\":1,\"name\":\"Home\",\"item\":\"https:\/\/www.atlascro.com.tr\/en\/\"},{\"@type\":\"ListItem\",\"position\":2,\"name\":\"HOME\"}]}]}<\/script>\n<!-- \/ Yoast SEO Premium plugin. -->","yoast_head_json":{"title":"HOME - Atlas CRO","robots":{"index":"index","follow":"follow","max-snippet":"max-snippet:-1","max-image-preview":"max-image-preview:large","max-video-preview":"max-video-preview:-1"},"canonical":"https:\/\/www.atlascro.com.tr\/en\/","og_locale":"en_US","og_type":"article","og_title":"HOME","og_description":"[vc_row wrap_container=&#8221;yes&#8221; css=&#8221;.vc_custom_1593310262769{margin-top: -224px !important;margin-bottom: 70px !important;}&#8221; el_class=&#8221;position-relative z-index-2&#8243;][vc_column][vc_row_inner animation_delay=&#8221;100&#8243; el_class=&#8221;background-color-light custom-icon-boxes py-5 justify-content-center no-padding mx-0&#8243; animation_type=&#8221;fadeInUp&#8221;][vc_column_inner el_class=&#8221;py-4&#8243; width=&#8221;1\/2&#8243; animation_delay=&#8221;300&#8243; offset=&#8221;vc_col-md-4&#8243; animation_type=&#8221;fadeInUp&#8221;][\/vc_column_inner][vc_column_inner el_class=&#8221;py-4&#8243; width=&#8221;1\/2&#8243; animation_delay=&#8221;500&#8243; offset=&#8221;vc_col-md-4&#8243; animation_type=&#8221;fadeInUp&#8221;][\/vc_column_inner][vc_column_inner el_class=&#8221;py-4&#8243; width=&#8221;1\/2&#8243; animation_delay=&#8221;700&#8243; offset=&#8221;vc_col-md-4&#8243; animation_type=&#8221;fadeInUp&#8221;][\/vc_column_inner][\/vc_row_inner][\/vc_column][\/vc_row][vc_row wrap_container=&#8221;yes&#8221; el_class=&#8221;py-3 pt-lg-5 pb-lg-4 my-5&#8243;][vc_column offset=&#8221;vc_col-md-6&#8243;][vc_custom_heading text=&#8221;SUPPORT AND CONSULTING&#8221; font_container=&#8221;tag:h5|text_align:left|line_height:1.6&#8243; use_theme_fonts=&#8221;yes&#8221; text_transform=&#8221;text-uppercase&#8221; font_weight=&#8221;600&#8243; skin=&#8221;primary&#8221; letter_spacing=&#8221;0&#8243; show_border=&#8221;yes&#8221; border_skin=&#8221;primary&#8221; border_type=&#8221;middle-border-reverse&#8221; border_size=&#8221;lg&#8221; animation_delay=&#8221;100&#8243; animation_type=&#8221;fadeInLeft&#8221; el_class=&#8221;mb-1&#8243;][vc_custom_heading text=&#8221;Our [&hellip;]","og_url":"https:\/\/www.atlascro.com.tr\/en\/","og_site_name":"Atlas CRO","article_publisher":"https:\/\/www.facebook.com\/atlascro","article_modified_time":"2022-05-11T08:21:16+00:00","twitter_card":"summary_large_image","twitter_site":"@ATLASCRO","twitter_misc":{"Est. reading time":"60 minutes"},"schema":{"@context":"https:\/\/schema.org","@graph":[{"@type":"Organization","@id":"https:\/\/www.atlascro.com.tr\/en\/#organization","name":"ATLAS Contract Research Organization","url":"https:\/\/www.atlascro.com.tr\/en\/","sameAs":["https:\/\/www.facebook.com\/atlascro","https:\/\/www.linkedin.com\/company\/atlascro?trk=biz-companies-cym","https:\/\/twitter.com\/ATLASCRO"],"logo":{"@type":"ImageObject","@id":"https:\/\/www.atlascro.com.tr\/en\/#logo","inLanguage":"en-US","url":"https:\/\/www.atlascro.com.tr\/wp-content\/uploads\/2021\/12\/atlas-acro-web-logo.png","contentUrl":"https:\/\/www.atlascro.com.tr\/wp-content\/uploads\/2021\/12\/atlas-acro-web-logo.png","width":150,"height":111,"caption":"ATLAS Contract Research Organization"},"image":{"@id":"https:\/\/www.atlascro.com.tr\/en\/#logo"}},{"@type":"WebSite","@id":"https:\/\/www.atlascro.com.tr\/en\/#website","url":"https:\/\/www.atlascro.com.tr\/en\/","name":"Atlas CRO","description":"Contract Research Organization","publisher":{"@id":"https:\/\/www.atlascro.com.tr\/en\/#organization"},"potentialAction":[{"@type":"SearchAction","target":{"@type":"EntryPoint","urlTemplate":"https:\/\/www.atlascro.com.tr\/en\/?s={search_term_string}"},"query-input":"required name=search_term_string"}],"inLanguage":"en-US"},{"@type":"WebPage","@id":"https:\/\/www.atlascro.com.tr\/en\/#webpage","url":"https:\/\/www.atlascro.com.tr\/en\/","name":"HOME - Atlas CRO","isPartOf":{"@id":"https:\/\/www.atlascro.com.tr\/en\/#website"},"datePublished":"2022-04-23T06:01:14+00:00","dateModified":"2022-05-11T08:21:16+00:00","breadcrumb":{"@id":"https:\/\/www.atlascro.com.tr\/en\/#breadcrumb"},"inLanguage":"en-US","potentialAction":[{"@type":"ReadAction","target":["https:\/\/www.atlascro.com.tr\/en\/"]}]},{"@type":"BreadcrumbList","@id":"https:\/\/www.atlascro.com.tr\/en\/#breadcrumb","itemListElement":[{"@type":"ListItem","position":1,"name":"Home","item":"https:\/\/www.atlascro.com.tr\/en\/"},{"@type":"ListItem","position":2,"name":"HOME"}]}]}},"_links":{"self":[{"href":"https:\/\/www.atlascro.com.tr\/en\/wp-json\/wp\/v2\/pages\/584","targetHints":{"allow":["GET"]}}],"collection":[{"href":"https:\/\/www.atlascro.com.tr\/en\/wp-json\/wp\/v2\/pages"}],"about":[{"href":"https:\/\/www.atlascro.com.tr\/en\/wp-json\/wp\/v2\/types\/page"}],"author":[{"embeddable":true,"href":"https:\/\/www.atlascro.com.tr\/en\/wp-json\/wp\/v2\/users\/1"}],"replies":[{"embeddable":true,"href":"https:\/\/www.atlascro.com.tr\/en\/wp-json\/wp\/v2\/comments?post=584"}],"version-history":[{"count":16,"href":"https:\/\/www.atlascro.com.tr\/en\/wp-json\/wp\/v2\/pages\/584\/revisions"}],"predecessor-version":[{"id":667,"href":"https:\/\/www.atlascro.com.tr\/en\/wp-json\/wp\/v2\/pages\/584\/revisions\/667"}],"wp:attachment":[{"href":"https:\/\/www.atlascro.com.tr\/en\/wp-json\/wp\/v2\/media?parent=584"}],"curies":[{"name":"wp","href":"https:\/\/api.w.org\/{rel}","templated":true}]}}